{"id":6820,"date":"2020-04-30T16:47:58","date_gmt":"2020-04-30T14:47:58","guid":{"rendered":"https:\/\/bighosting.biz\/hosting\/"},"modified":"2024-02-02T17:00:57","modified_gmt":"2024-02-02T16:00:57","slug":"hosting","status":"publish","type":"page","link":"https:\/\/bighosting.biz\/pt-pt\/","title":{"rendered":"Hosting"},"content":{"rendered":"<p>[vc_row king_row_type=&#8221;container_full&#8221;][vc_column][rev_slider_vc alias=&#8221;home-page-3&#8243;][\/vc_column][\/vc_row][vc_row][vc_column][vc_column_text]<\/p>\n<h1 style=\"text-align: center;\"><span style=\"color: #1dbe73;\"><strong><span style=\"font-size: 8pt;\">\u00a0\u00a0\u00a0\u00a0<\/span><br \/>\nWebhosting f\u00fcr Ihre Webseite<\/strong><\/span><\/h1>\n<p style=\"text-align: center;\"><span style=\"color: #1dbe73;\"><strong>Wir erf\u00fcllen alle ihre W\u00fcnsche mit einem Paket und alles unlimitiert mit 50GB (50.000MB) Speicherplatz!<\/strong><br \/>\nTraffic Subdomain Web-Benutzer eMail Datenbanken zum Superpreis!<\/span><\/p>\n<p style=\"text-align: center;\"><span style=\"color: #1dbe73;\">Einfache Administration mit dem professionellen Parallels\u00ae Plesk Panel<\/span><br \/>\n<img decoding=\"async\" loading=\"lazy\" class=\"size-medium wp-image-4512 aligncenter\" src=\"https:\/\/bighosting.biz\/wp-content\/uploads\/2018\/10\/PleskOnyxLogo-300x70.png\" alt=\"\" width=\"300\" height=\"70\" srcset=\"https:\/\/bighosting.biz\/wp-content\/uploads\/2018\/10\/PleskOnyxLogo-300x70.png 300w, https:\/\/bighosting.biz\/wp-content\/uploads\/2018\/10\/PleskOnyxLogo-600x141.png 600w, https:\/\/bighosting.biz\/wp-content\/uploads\/2018\/10\/PleskOnyxLogo.png 618w\" sizes=\"(max-width: 300px) 100vw, 300px\" \/>[\/vc_column_text][vc_column_text]<img decoding=\"async\" loading=\"lazy\" class=\"alignnone size-full wp-image-5745\" src=\"https:\/\/bighosting.biz\/wp-content\/uploads\/2020\/02\/BIG-ele.png\" alt=\"\" width=\"32\" height=\"32\" \/> <strong><span style=\"font-size: 18pt; color: #1dbe73;\">Domain<\/span><\/strong><\/p>\n<table>\n<tbody>\n<tr>\n<td style=\"width: 30.2817%;\"><span style=\"font-size: 12pt;\">Trust Service<\/span><\/td>\n<td style=\"width: 81%;\"><span style=\"font-size: 12pt;\">als Option m\u00f6glich, wenn sie keinen Sitz in der EU haben, z.b. f\u00fcr .eu .de .fr<\/span><\/td>\n<\/tr>\n<tr>\n<td style=\"width: 30.2817%;\"><span style=\"font-size: 12pt;\">Welche sind m\u00f6glich?<\/span><\/td>\n<td style=\"width: 81%;\"><span style=\"font-size: 12pt;\"><a href=\"https:\/\/bighosting.biz\/domains\/\">Registrieren von Domainnamen aus aller Welt, wir helfen Ihnen gratis und haben unschlagbare Preise!<\/a><\/span><\/td>\n<\/tr>\n<\/tbody>\n<\/table>\n<p>[\/vc_column_text][vc_empty_space][vc_column_text]<img decoding=\"async\" loading=\"lazy\" class=\"alignnone size-full wp-image-5745\" src=\"https:\/\/bighosting.biz\/wp-content\/uploads\/2020\/02\/BIG-ele.png\" alt=\"\" width=\"32\" height=\"32\" \/> <strong><span style=\"font-size: 18pt; color: #1dbe73;\">Hosting<\/span><\/strong><\/p>\n<table>\n<tbody>\n<tr>\n<td style=\"width: 30.2817%;\"><span style=\"font-size: 12pt;\">Webspace<\/span><\/td>\n<td style=\"width: 81%;\"><span style=\"font-size: 12pt;\"><strong>50GB = 50.000MB! (werbefrei)<\/strong><\/span><\/td>\n<\/tr>\n<tr>\n<td style=\"width: 18%;\"><span style=\"font-size: 12pt;\">Traffic<\/span><\/td>\n<td style=\"width: 81%;\"><span style=\"font-size: 12pt;\">unlimitiert (fair use gem\u00e4ss AGB)<\/span><\/td>\n<\/tr>\n<tr>\n<td style=\"width: 18%;\"><span style=\"font-size: 12pt;\">Subdomains<\/span><\/td>\n<td style=\"width: 81%;\"><span style=\"font-size: 12pt;\">unlimitiert<\/span><\/td>\n<\/tr>\n<tr>\n<td style=\"width: 18%;\"><span style=\"font-size: 12pt;\">Verwaltung<\/span><\/td>\n<td style=\"width: 81%;\"><span style=\"font-size: 12pt;\">Einfach Administration mit Parallels\u00ae Plesk Panel<\/span><\/td>\n<\/tr>\n<tr>\n<td style=\"width: 18%;\"><span style=\"font-size: 12pt;\">Nameserver DNS<\/span><\/td>\n<td style=\"width: 81%;\"><span style=\"font-size: 12pt;\">ja<\/span><\/td>\n<\/tr>\n<\/tbody>\n<\/table>\n<p>[\/vc_column_text][vc_empty_space][vc_column_text]<img decoding=\"async\" loading=\"lazy\" class=\"alignnone size-full wp-image-5745\" src=\"https:\/\/bighosting.biz\/wp-content\/uploads\/2020\/02\/BIG-ele.png\" alt=\"\" width=\"32\" height=\"32\" \/> <strong><span style=\"font-size: 18pt; color: #1dbe73;\">eMail<\/span><\/strong><\/p>\n<table style=\"height: 168px;\">\n<tbody>\n<tr style=\"height: 24px;\">\n<td style=\"width: 328.3px; height: 24px;\"><span style=\"font-size: 12pt;\">POP3 Konto<\/span><\/td>\n<td style=\"height: 24px; width: 768.9px;\"><span style=\"font-size: 12pt;\">unlimitiert<\/span><\/td>\n<\/tr>\n<tr style=\"height: 24px;\">\n<td style=\"height: 24px; width: 328.3px;\"><span style=\"font-size: 12pt;\">IMAP Konto<\/span><\/td>\n<td style=\"height: 24px; width: 768.9px;\"><span style=\"font-size: 12pt;\">unlimitiert<\/span><\/td>\n<\/tr>\n<tr style=\"height: 24px;\">\n<td style=\"height: 24px; width: 328.3px;\"><span style=\"font-size: 12pt;\">Weiterleitung<\/span><\/td>\n<td style=\"height: 24px; width: 768.9px;\"><span style=\"font-size: 12pt;\">unlimitiert<\/span><\/td>\n<\/tr>\n<tr style=\"height: 24px;\">\n<td style=\"height: 24px; width: 328.3px;\"><span style=\"font-size: 12pt;\">Autoresponder\/Autoreply<\/span><\/td>\n<td style=\"height: 24px; width: 768.9px;\"><span style=\"font-size: 12pt;\">unlimitiert<\/span><\/td>\n<\/tr>\n<tr style=\"height: 24px;\">\n<td style=\"height: 24px; width: 328.3px;\"><span style=\"font-size: 12pt;\">Webmail (f\u00fcr unterwegs)<\/span><\/td>\n<td style=\"height: 24px; width: 768.9px;\"><span style=\"font-size: 12pt;\">ja<\/span><\/td>\n<\/tr>\n<tr style=\"height: 24px;\">\n<td style=\"height: 24px; width: 328.3px;\"><span style=\"font-size: 12pt;\">Catch All<\/span><\/td>\n<td style=\"height: 24px; width: 768.9px;\"><span style=\"font-size: 12pt;\">ja<\/span><\/td>\n<\/tr>\n<tr style=\"height: 24px;\">\n<td style=\"height: 24px; width: 328.3px;\"><span style=\"font-size: 12pt;\">Spam &amp; Virenfilter<\/span><\/td>\n<td style=\"height: 24px; width: 768.9px;\"><span style=\"font-size: 12pt;\">ja<\/span><\/td>\n<\/tr>\n<\/tbody>\n<\/table>\n<p>[\/vc_column_text][vc_empty_space][vc_column_text]<img decoding=\"async\" loading=\"lazy\" class=\"alignnone size-full wp-image-5745\" src=\"https:\/\/bighosting.biz\/wp-content\/uploads\/2020\/02\/BIG-ele.png\" alt=\"\" width=\"32\" height=\"32\" \/> <strong><span style=\"font-size: 18pt; color: #1dbe73;\">FTP<\/span><\/strong><\/p>\n<table>\n<tbody>\n<tr>\n<td style=\"width: 30.2817%;\"><span style=\"font-size: 12pt;\">Passivmodus<\/span><\/td>\n<td style=\"width: 81%;\"><span style=\"font-size: 12pt;\">ja<\/span><\/td>\n<\/tr>\n<tr>\n<td style=\"width: 30.2817%;\"><span style=\"font-size: 12pt;\">WebFTP (f\u00fcr unterwegs \u00fcber Browser)<\/span><\/td>\n<td style=\"width: 81%;\"><span style=\"font-size: 12pt;\">ja<\/span><\/td>\n<\/tr>\n<\/tbody>\n<\/table>\n<p>[\/vc_column_text][vc_empty_space][vc_column_text]<img decoding=\"async\" loading=\"lazy\" class=\"alignnone size-full wp-image-5745\" src=\"https:\/\/bighosting.biz\/wp-content\/uploads\/2020\/02\/BIG-ele.png\" alt=\"\" width=\"32\" height=\"32\" \/> <strong><span style=\"font-size: 18pt; color: #1dbe73;\">Features<\/span><\/strong><\/p>\n<table>\n<tbody>\n<tr>\n<td style=\"width: 30.2817%;\"><span style=\"font-size: 12pt;\">CMS<\/span><\/td>\n<td style=\"width: 81%;\"><span style=\"font-size: 12pt;\">alle CMS z.B. WordPress, Joomla usw. m\u00f6glich<\/span><\/td>\n<\/tr>\n<tr>\n<td style=\"width: 30.2817%;\"><span style=\"font-size: 12pt;\">MySQL Datenbank (inkl. phpMyAdmin)<\/span><\/td>\n<td style=\"width: 81%;\"><span style=\"font-size: 12pt;\">unlimitiert<\/span><\/td>\n<\/tr>\n<tr>\n<td style=\"width: 30.2817%;\"><span style=\"font-size: 12pt;\">CGI\/PERL\/PHP<\/span><\/td>\n<td style=\"width: 81%;\"><span style=\"font-size: 12pt;\">ja<\/span><\/td>\n<\/tr>\n<tr>\n<td style=\"width: 30.2817%;\"><span style=\"font-size: 12pt;\">Alias (mehrere Domains gleicher Inhalt)<\/span><\/td>\n<td style=\"width: 81%;\"><span style=\"font-size: 12pt;\">unlimitiert<\/span><\/td>\n<\/tr>\n<tr>\n<td style=\"width: 30.2817%;\"><span style=\"font-size: 12pt;\">Passwortschutz f\u00fcr Ordner<\/span><\/td>\n<td style=\"width: 81%;\"><span style=\"font-size: 12pt;\">ja<\/span><\/td>\n<\/tr>\n<tr>\n<td style=\"width: 30.2817%;\"><span style=\"font-size: 12pt;\">Eigener Backupmanager<\/span><\/td>\n<td style=\"width: 81%;\"><span style=\"font-size: 12pt;\">ja<\/span><\/td>\n<\/tr>\n<tr>\n<td style=\"width: 30.2817%;\"><span style=\"font-size: 12pt;\">Statistiken grafisch aufbereitet<\/span><\/td>\n<td style=\"width: 81%;\"><span style=\"font-size: 12pt;\">ja mit Webalizer f\u00fcr ausf\u00fchrliche Log Analyse<\/span><\/td>\n<\/tr>\n<tr>\n<td style=\"width: 30.2817%;\"><span style=\"font-size: 12pt;\">Serverstandort<\/span><\/td>\n<td style=\"width: 81%;\"><span style=\"font-size: 12pt;\"><img decoding=\"async\" loading=\"lazy\" class=\"alignnone wp-image-6553 size-full\" src=\"https:\/\/bighosting.biz\/wp-content\/uploads\/2020\/04\/ch-1.gif\" alt=\"\" width=\"30\" height=\"30\" \/> Schweiz, Zentraleuropa, Modernste Servertechnik, Swiss Made Quality<\/span><\/td>\n<\/tr>\n<tr>\n<td style=\"width: 30.2817%;\"><span style=\"font-size: 12pt;\">Netz\u00fcberwachung<\/span><\/td>\n<td style=\"width: 81%;\"><span style=\"font-size: 12pt;\">24\/7\/365 Monitoring<\/span><\/td>\n<\/tr>\n<\/tbody>\n<\/table>\n<p>[\/vc_column_text][vc_empty_space][vc_column_text]<img decoding=\"async\" loading=\"lazy\" class=\"alignnone size-full wp-image-5745\" src=\"https:\/\/bighosting.biz\/wp-content\/uploads\/2020\/02\/BIG-ele.png\" alt=\"\" width=\"32\" height=\"32\" \/> <strong><span style=\"font-size: 18pt; color: #1dbe73;\">Optionen<\/span><\/strong><\/p>\n<table>\n<tbody>\n<tr>\n<td style=\"width: 30.2817%;\"><span style=\"font-size: 12pt;\">HTTPS\/SSL Unterst\u00fctzung<\/span><\/td>\n<td style=\"width: 81%;\"><span style=\"font-size: 12pt;\">ja<\/span><\/td>\n<\/tr>\n<tr>\n<td style=\"width: 30.2817%;\"><span style=\"font-size: 12pt;\">DNSSEC\/HSTS<\/span><\/td>\n<td style=\"width: 81%;\"><span style=\"font-size: 12pt;\">ja<\/span><\/td>\n<\/tr>\n<tr>\n<td style=\"width: 30.2817%;\"><span style=\"font-size: 12pt;\">Webseitenbaukasten<\/span><\/td>\n<td style=\"width: 81%;\"><span style=\"font-size: 12pt;\"><a href=\"https:\/\/bighosting.biz\/?page_id=3450\">Mit unserem Sitebuilder in 5 Schritten zur eigenen Webseite<\/a><\/span><\/td>\n<\/tr>\n<tr>\n<td style=\"width: 30.2817%;\"><span style=\"font-size: 12pt;\">Applikations Pack<\/span><\/td>\n<td style=\"width: 81%;\"><span style=\"font-size: 12pt;\"><a href=\"https:\/\/bighosting.biz\/applikations-pack\/\">122 Programme vollautomatisch installieren<\/a><\/span><\/td>\n<\/tr>\n<tr>\n<td style=\"width: 30.2817%;\"><span style=\"font-size: 12pt;\">WordPress Toolkit<\/span><\/td>\n<td style=\"width: 81%;\"><span style=\"font-size: 12pt;\">zentrale Verwaltungsoberfl\u00e4che, \u00fcber die Sie WordPress einfach installieren, konfigurieren und verwalten.<\/span><\/td>\n<\/tr>\n<\/tbody>\n<\/table>\n<p>[\/vc_column_text][vc_empty_space][vc_column_text el_id=&#8221;wtsap&#8221;]<img decoding=\"async\" loading=\"lazy\" class=\"alignnone size-full wp-image-5745\" src=\"https:\/\/bighosting.biz\/wp-content\/uploads\/2020\/02\/BIG-ele.png\" alt=\"\" width=\"32\" height=\"32\" \/> <strong><span style=\"font-size: 18pt; color: #1dbe73;\">24\/7\/365 Premium Support<br \/>\n<\/span><\/strong><\/p>\n<table style=\"height: 203px;\">\n<tbody>\n<tr style=\"height: 50px;\">\n<td style=\"width: 328.3px; height: 50px; vertical-align: middle;\"><span style=\"font-size: 12pt;\"><img decoding=\"async\" loading=\"lazy\" class=\"alignnone wp-image-5904 size-full\" src=\"https:\/\/bighosting.biz\/wp-content\/uploads\/2020\/03\/3jemx9ko.png\" alt=\"\" width=\"30\" height=\"30\" \/> <strong><span style=\"color: #3f9dd7;\">eMail Formular<\/span><\/strong><\/span><\/td>\n<td style=\"width: 768.9px; vertical-align: middle; height: 50px;\"><span style=\"font-size: 12pt;\">ja (gratis) auch ausserhalb der Gesch\u00e4ftszeiten!<\/span><\/td>\n<\/tr>\n<tr style=\"height: 51px;\">\n<td style=\"width: 328.3px; vertical-align: middle; height: 51px;\"><span style=\"font-size: 12pt;\"><img decoding=\"async\" loading=\"lazy\" class=\"padding-top: 10px; alignnone wp-image-5911 size-full\" src=\"https:\/\/bighosting.biz\/wp-content\/uploads\/2020\/03\/addddw.png\" alt=\"\" width=\"30\" height=\"30\" \/> <strong><span style=\"color: #3f9dd7;\">Skype (nur Chat)<\/span><\/strong><\/span><\/td>\n<td style=\"width: 768.9px; vertical-align: middle; height: 51px;\"><span style=\"font-size: 12pt;\">ja (gratis) auch ausserhalb der Gesch\u00e4ftszeiten!<\/span><\/td>\n<\/tr>\n<tr style=\"height: 51px;\">\n<td style=\"width: 328.3px; vertical-align: middle; height: 51px;\"><span style=\"font-size: 12pt;\"><img decoding=\"async\" loading=\"lazy\" class=\"alignnone wp-image-5917 size-full\" src=\"https:\/\/bighosting.biz\/wp-content\/uploads\/2020\/03\/adddww.png\" alt=\"\" width=\"30\" height=\"30\" \/> <strong><span style=\"color: #3f9dd7;\">Telegram Chat<\/span><\/strong><\/span><\/td>\n<td style=\"width: 768.9px; vertical-align: middle; height: 51px;\"><span style=\"font-size: 12pt;\">ja (gratis) auch ausserhalb der Gesch\u00e4ftszeiten!<\/span><\/td>\n<\/tr>\n<tr style=\"height: 51px;\">\n<td style=\"width: 328.3px; vertical-align: middle; height: 51px;\"><span style=\"font-size: 12pt;\"><img decoding=\"async\" loading=\"lazy\" class=\"alignnone wp-image-5923 size-full\" src=\"https:\/\/bighosting.biz\/wp-content\/uploads\/2020\/03\/a442333.png\" alt=\"\" width=\"30\" height=\"30\" \/> <strong><span style=\"color: #56ba62;\">Whatsapp Chat<\/span><\/strong><\/span><\/td>\n<td style=\"width: 768.9px; vertical-align: middle; height: 51px;\"><span style=\"font-size: 12pt;\">ja (gratis) auch ausserhalb der Gesch\u00e4ftszeiten!<\/span><\/td>\n<\/tr>\n<\/tbody>\n<\/table>\n<p>[\/vc_column_text][vc_empty_space][vc_column_text]<img decoding=\"async\" loading=\"lazy\" class=\"alignnone size-full wp-image-5745\" src=\"https:\/\/bighosting.biz\/wp-content\/uploads\/2020\/02\/BIG-ele.png\" alt=\"\" width=\"32\" height=\"32\" \/> <strong><span style=\"font-size: 18pt; color: #1dbe73;\">Konditionen<\/span><\/strong><\/p>\n<table>\n<tbody>\n<tr>\n<td style=\"width: 30.2817%;\"><span style=\"font-size: 12pt;\">Monatliche Kosten<\/span><\/td>\n<td style=\"width: 81%;\"><span style=\"font-size: 12pt;\"><img decoding=\"async\" loading=\"lazy\" class=\"alignnone wp-image-6348 size-full\" src=\"https:\/\/bighosting.biz\/wp-content\/uploads\/2020\/04\/ch.gif\" alt=\"\" width=\"30\" height=\"30\" \/> 2.95 CHF <img decoding=\"async\" loading=\"lazy\" class=\"alignnone wp-image-6368 size-full\" src=\"https:\/\/bighosting.biz\/wp-content\/uploads\/2020\/04\/eu.gif\" alt=\"\" width=\"30\" height=\"30\" \/> <span style='cursor:help;border-bottom:1px dotted gray;' title='1 CHF = 1,0820 EUR'>&euro;&nbsp;3,19<\/span> <img decoding=\"async\" loading=\"lazy\" class=\"alignnone wp-image-6541 size-full\" src=\"https:\/\/bighosting.biz\/wp-content\/uploads\/2020\/04\/usa.gif\" alt=\"\" width=\"30\" height=\"30\" \/> <span style='cursor:help;border-bottom:1px dotted gray;' title='1 CHF = 1.2505 USD'>$&nbsp;3.69<\/span><\/span><\/td>\n<\/tr>\n<tr>\n<td style=\"width: 30.2817%;\"><span style=\"font-size: 12pt;\">Zahlungsweise<\/span><\/td>\n<td style=\"width: 81%;\"><span style=\"font-size: 12pt;\">12 Monate<\/span><\/td>\n<\/tr>\n<tr>\n<td style=\"width: 30.2817%;\"><span style=\"font-size: 12pt;\">Vertragslaufzeit<\/span><\/td>\n<td style=\"width: 81%;\"><span style=\"font-size: 12pt;\">12 Monate<\/span><\/td>\n<\/tr>\n<tr>\n<td style=\"width: 30.2817%;\"><span style=\"font-size: 12pt;\">Inbetriebnahme nach Zahlungseingang<\/span><\/td>\n<td style=\"width: 81%;\"><span style=\"font-size: 12pt;\">24-48h<\/span><\/td>\n<\/tr>\n<tr>\n<td style=\"width: 30.2817%;\"><span style=\"font-size: 12pt;\">Einrichtungsgeb\u00fchren<\/span><\/td>\n<td style=\"width: 81%;\"><span style=\"font-size: 12pt;\">keine<\/span><\/td>\n<\/tr>\n<tr>\n<td style=\"width: 30.2817%;\"><span style=\"font-size: 12pt;\">Zusatzkosten Providerwechsel<\/span><\/td>\n<td style=\"width: 81%;\"><span style=\"font-size: 12pt;\">keine<\/span><\/td>\n<\/tr>\n<\/tbody>\n<\/table>\n<p>[\/vc_column_text][vc_empty_space][vc_column_text]<img decoding=\"async\" loading=\"lazy\" class=\"alignnone size-full wp-image-5745\" src=\"https:\/\/bighosting.biz\/wp-content\/uploads\/2020\/02\/BIG-ele.png\" alt=\"\" width=\"32\" height=\"32\" \/> <strong><span style=\"font-size: 18pt; color: #1dbe73;\">Spezial<\/span><\/strong><\/p>\n<table>\n<tbody>\n<tr>\n<td style=\"width: 30.2817%;\"><span style=\"font-size: 12pt;\">Hilfe beim Webseiten z\u00fcgeln?<\/span><\/td>\n<td style=\"width: 81%;\"><span style=\"font-size: 12pt;\"><strong>ja gratis!<\/strong> kein Problem unsere Profis z\u00fcgeln ganze Webseiten, Datenbanken, eMails<\/span><\/td>\n<\/tr>\n<tr>\n<td style=\"width: 30.2817%;\"><span style=\"font-size: 12pt;\">Webseite auffrischen?<\/span><\/td>\n<td style=\"width: 81%;\"><span style=\"font-size: 12pt;\">kein Problem unser Webmaster Team hilft ihnen gerne<\/span><\/td>\n<\/tr>\n<tr>\n<td style=\"width: 30.2817%;\"><span style=\"font-size: 12pt;\">Resellerangebote? (Wiederverk\u00e4ufer)<\/span><\/td>\n<td style=\"width: 81%;\"><span style=\"font-size: 12pt;\"><a href=\"https:\/\/bighosting.biz\/kontakt\/\">ja fragen sie uns an<\/a><\/span><\/td>\n<\/tr>\n<tr>\n<td style=\"width: 30.2817%;\"><span style=\"font-size: 12pt;\"><strong><span style=\"color: #26d35a;\">Strom<\/span><\/strong><\/span><\/td>\n<td style=\"width: 81%;\"><span style=\"font-size: 12pt;\"><strong><span style=\"color: #26d35a;\">nachhaltiger Strom &amp; erneuerbare Energien, davon 94% Wasserkraft<\/span><\/strong><\/span><\/td>\n<\/tr>\n<\/tbody>\n<\/table>\n<p>[\/vc_column_text][vc_btn title=&#8221;Jetzt hier bestellen, profitieren und weitersagen !&#8221; style=&#8221;3d&#8221; color=&#8221;warning&#8221; size=&#8221;lg&#8221; align=&#8221;center&#8221; css_animation=&#8221;none&#8221; link=&#8221;url:%2F%3Fpage_id%3D3328|&#8221; css=&#8221;.vc_custom_1579178784471{margin-top: 20px !important;}&#8221;][\/vc_column][vc_column][\/vc_column][\/vc_row][vc_row king_row_type=&#8221;container_full&#8221; king_class=&#8221;feature_section2&#8243;][vc_column]<div class=\"title\"><h1 class=\"caps sitecoloranimated eff-fadeInUp delay-200ms\"><strong>Wie wollen Sie Ihre Webseite erstellen?<\/strong><\/h1><\/div>[vc_row_inner king_class=&#8221;twoboxes&#8221; king_class_container=&#8221;container&#8221;][vc_column_inner el_class=&#8221;left&#8221; el_animate=&#8221;animated eff-fadeInLeft&#8221; width=&#8221;1\/2&#8243;]\n\t\t<div class=\"king-elements clearfix\">\n\t\t\t<div class=\"king-elements-inner\">\n        \t<i class=\"desktop element-icon \"><\/i><strong><em>Erstellen Sie Ihre Website mit unserem <\/em> Website-Builder<\/strong>\n\t\t\t<\/div>\n        <\/div>\n\n\t[vc_column_text]<\/p>\n<ul>\n<li><i class=\"fa fa-long-arrow-right\"><\/i>Mit dem SiteBuilder Webseiten Tool k\u00f6nnen Sie eine professionelle Webseite in wenigen Schritten erstellen.Hierbei stehen Ihnen\u00a0\u00fcber 280! Designvorlagen zur Verf\u00fcgung, welche in verschiedenen Kategorien unterteilt sind. Ebenso diverse Module wie Blog,\u00a0Fotogalerie, G\u00e4stebuch, Voting, Forum,<br \/>\nFeedback Formular, Shop uvm..<\/li>\n<li><a class=\"button one\" href=\"https:\/\/bighosting.biz\/?page_id=3450\">Mehr Lesen<\/a><\/li>\n<\/ul>\n<p>[\/vc_column_text][\/vc_column_inner][vc_column_inner el_class=&#8221;right&#8221; el_animate=&#8221;animated eff-fadeInRight&#8221; width=&#8221;1\/2&#8243;]\n\t\t<div class=\"king-elements clearfix\">\n\t\t\t<div class=\"king-elements-inner\">\n        \t<i class=\"map-o element-icon \"><\/i><strong><em>BIGhosting <\/em> host and domain<\/strong>\t\t\t<\/div>\n        <\/div>\n\n\t[\/vc_column_inner][\/vc_row_inner][\/vc_column][\/vc_row][vc_row king_class=&#8221;feature_section18&#8243;][vc_column]<h1 class=\"capsanimated eff-fadeInUp delay-200ms\"><strong>Wir sind f\u00fcr Sie da<\/strong><\/h1><div class=\"clearfix margin_top2\"><\/div>[vc_column_text]<a href=\"#\">Bestellen Sie jetzt!<\/a>[\/vc_column_text][\/vc_column][\/vc_row]<\/p>\n","protected":false},"excerpt":{"rendered":"<p>[vc_row king_row_type=&#8221;container_full&#8221;][vc_column][rev_slider_vc alias=&#8221;home-page-3&#8243;][\/vc_column][\/vc_row][vc_row][vc_column][vc_column_text] \u00a0\u00a0\u00a0\u00a0 Webhosting f\u00fcr Ihre Webseite Wir erf\u00fcllen alle ihre W\u00fcnsche mit einem Paket und alles unlimitiert mit 50GB (50.000MB) Speicherplatz! Traffic Subdomain Web-Benutzer eMail Datenbanken zum Superpreis! Einfache Administration mit dem professionellen Parallels\u00ae Plesk Panel [\/vc_column_text][vc_column_text] Domain Trust Service als Option m\u00f6glich, wenn sie keinen Sitz in der EU haben, z.b. f\u00fcr [&hellip;]<\/p>\n","protected":false},"author":1,"featured_media":0,"parent":0,"menu_order":0,"comment_status":"closed","ping_status":"closed","template":"templates\/page-full.php","meta":[],"_links":{"self":[{"href":"https:\/\/bighosting.biz\/pt-pt\/wp-json\/wp\/v2\/pages\/6820"}],"collection":[{"href":"https:\/\/bighosting.biz\/pt-pt\/wp-json\/wp\/v2\/pages"}],"about":[{"href":"https:\/\/bighosting.biz\/pt-pt\/wp-json\/wp\/v2\/types\/page"}],"author":[{"embeddable":true,"href":"https:\/\/bighosting.biz\/pt-pt\/wp-json\/wp\/v2\/users\/1"}],"replies":[{"embeddable":true,"href":"https:\/\/bighosting.biz\/pt-pt\/wp-json\/wp\/v2\/comments?post=6820"}],"version-history":[{"count":2,"href":"https:\/\/bighosting.biz\/pt-pt\/wp-json\/wp\/v2\/pages\/6820\/revisions"}],"predecessor-version":[{"id":11495,"href":"https:\/\/bighosting.biz\/pt-pt\/wp-json\/wp\/v2\/pages\/6820\/revisions\/11495"}],"wp:attachment":[{"href":"https:\/\/bighosting.biz\/pt-pt\/wp-json\/wp\/v2\/media?parent=6820"}],"curies":[{"name":"wp","href":"https:\/\/api.w.org\/{rel}","templated":true}]}}