{"id":7752,"date":"2020-08-21T10:14:39","date_gmt":"2020-08-21T08:14:39","guid":{"rendered":"https:\/\/bighosting.biz\/impressum\/"},"modified":"2020-08-21T10:14:40","modified_gmt":"2020-08-21T08:14:40","slug":"impressum","status":"publish","type":"page","link":"https:\/\/bighosting.biz\/it\/impressum\/","title":{"rendered":"Impressum"},"content":{"rendered":"<p>[vc_row][vc_column][vc_single_image image=&#8221;5419&#8243; img_size=&#8221;full&#8221;][\/vc_column][\/vc_row][vc_row][vc_column][vc_column_text]<span style=\"color: #ff6600;\"><strong><br \/>\nBIGhosting ist ein Reseller von HILWEB GmbH<\/strong><\/span><\/p>\n<p><span style=\"font-size: 24pt;\"><strong><span style=\"font-size: 14pt;\">Adresse:<\/span><\/strong><\/span><br \/>\n<strong><span style=\"color: #0eb2d8;\">HIL<\/span><span style=\"color: #1dbe73;\">WEB<\/span> <\/strong>GmbH, Postfach 508, CH-8180 B\u00fclach, Schweiz<br \/>\nTelefon 0041 44 886 60 60 Kein Support<\/p>\n<p><strong>Support:<\/strong> <span style=\"color: #008000;\"><a style=\"color: #008000;\" href=\"https:\/\/bighosting.biz\/it\/support\/\"><strong>Klick<\/strong><\/a><\/span>[\/vc_column_text][vc_column_text]<strong><br \/>\n<span style=\"font-size: 14pt;\">Sales:<\/span><\/strong><\/p>\n<p>MWSt. CHE-108.800.648 MWST<\/p>\n<p><span style=\"color: #008000;\">Wir f\u00fchren Konten in den W\u00e4hrungen CHF, EUR \u20ac und USD $<\/span><\/p>\n<p><span style=\"color: #008000;\">SEPA S\u20acPA (Single Euro Payments Area) Member !<\/span><\/p>\n<p><img decoding=\"async\" loading=\"lazy\" class=\"alignnone size-full wp-image-3674\" src=\"https:\/\/bighosting.biz\/wp-content\/uploads\/2018\/06\/ch.gif\" alt=\"\" width=\"23\" height=\"15\" \/><strong> PostFinance<\/strong>, 3030 Bern, Schweiz<\/p>\n<p><img decoding=\"async\" loading=\"lazy\" class=\"alignnone size-full wp-image-4063\" src=\"https:\/\/bighosting.biz\/wp-content\/uploads\/2018\/08\/de.gif\" alt=\"\" width=\"23\" height=\"15\" \/><strong> Postbank<\/strong>, 70304 Stuttgart, Deutschland<\/p>\n<p><img decoding=\"async\" loading=\"lazy\" class=\"alignnone size-full wp-image-4069\" src=\"https:\/\/bighosting.biz\/wp-content\/uploads\/2018\/08\/at.gif\" alt=\"\" width=\"23\" height=\"15\" \/><strong> BAWAG P.S.K Bank<\/strong>, 1018 Wien, \u00d6sterreich<br \/>\n<img decoding=\"async\" loading=\"lazy\" class=\"alignnone wp-image-5704 size-full\" src=\"https:\/\/bighosting.biz\/wp-content\/uploads\/2020\/02\/PayPal-e1480320891332.png\" alt=\"\" width=\"319\" height=\"110\" srcset=\"https:\/\/bighosting.biz\/wp-content\/uploads\/2020\/02\/PayPal-e1480320891332.png 319w, https:\/\/bighosting.biz\/wp-content\/uploads\/2020\/02\/PayPal-e1480320891332-300x103.png 300w\" sizes=\"(max-width: 319px) 100vw, 319px\" \/><\/p>\n<p><span style=\"font-size: 14pt;\"><strong>Haftungsausschluss:<\/strong><\/span><br \/>\nDurch Querverweise h\u00e4lt BIGhosting fremde Inhalte zur Nutzung bereit, f\u00fcr deren Inhalte sie sich nicht verantwortlich zeichnet.<\/p>\n<p><span style=\"font-size: 14pt;\"><strong>Adressen:<\/strong><\/span><br \/>\nAlle Adressen, die hier auf diesen Internetseiten ver\u00f6ffentlicht werden, dienen ausschliesslich zu Informationszwecken. Die kommerzielle Verwendung durch Dritte ist nicht gestattet und nicht erw\u00fcnscht.<\/p>\n<p><span style=\"font-size: 14pt;\"><strong>Copyright-Hinweise:<\/strong><\/span><br \/>\nAlle Rechte vorbehalten. Vervielf\u00e4ltigung, Ausz\u00fcge, Kopien oder die Reproduktion unter Verwendung elektronischer Systeme nur mit Genehmigung des Herausgebers.<\/p>\n<p><span style=\"font-size: 14pt;\"><strong>Datenschutzerkl\u00e4rung:<\/strong><\/span><br \/>\nBei der elektronischen Kontaktaufnahme durch E-Mails oder Kontaktformulare werden Daten verschickt, die elektronisch gespeichert werden. Eine Kontaktaufnahme ohne direkte \u00dcbermittlung pers\u00f6nlicher Daten ist nur durch das Kontaktformular m\u00f6glich. Jeder Zugriff auf unsere Web-Server wird anonymisiert protokolliert. Alle Nutzungsdaten werden unmittelbar nach Ende der Nutzung gel\u00f6scht. Die Behandlung s\u00e4mtlicher Daten erfolgt im Rahmen der gesetzlichen Datenschutzbestimmungen.<\/p>\n<p><span style=\"font-size: 14pt;\"><a href=\"https:\/\/bighosting.biz\/it\/dsgvo\/\" rel=\"noopener\">Zur DSGVO<\/a><\/span><\/p>\n<p><span style=\"color: #008000;\">F\u00fcr weitere Informationen stehen wir gerne zur Verf\u00fcgung<\/span>[\/vc_column_text][\/vc_column][\/vc_row]<\/p>\n","protected":false},"excerpt":{"rendered":"<p>[vc_row][vc_column][vc_single_image image=&#8221;5419&#8243; img_size=&#8221;full&#8221;][\/vc_column][\/vc_row][vc_row][vc_column][vc_column_text] BIGhosting ist ein Reseller von HILWEB GmbH Adresse: HILWEB GmbH, Postfach 508, CH-8180 B\u00fclach, Schweiz Telefon 0041 44 886 60 60 Kein Support Support: Klick[\/vc_column_text][vc_column_text] Sales: MWSt. CHE-108.800.648 MWST Wir f\u00fchren Konten in den W\u00e4hrungen CHF, EUR \u20ac und USD $ SEPA S\u20acPA (Single Euro Payments Area) Member ! PostFinance, 3030 Bern, [&hellip;]<\/p>\n","protected":false},"author":1,"featured_media":0,"parent":0,"menu_order":0,"comment_status":"closed","ping_status":"closed","template":"","meta":[],"_links":{"self":[{"href":"https:\/\/bighosting.biz\/it\/wp-json\/wp\/v2\/pages\/7752"}],"collection":[{"href":"https:\/\/bighosting.biz\/it\/wp-json\/wp\/v2\/pages"}],"about":[{"href":"https:\/\/bighosting.biz\/it\/wp-json\/wp\/v2\/types\/page"}],"author":[{"embeddable":true,"href":"https:\/\/bighosting.biz\/it\/wp-json\/wp\/v2\/users\/1"}],"replies":[{"embeddable":true,"href":"https:\/\/bighosting.biz\/it\/wp-json\/wp\/v2\/comments?post=7752"}],"version-history":[{"count":2,"href":"https:\/\/bighosting.biz\/it\/wp-json\/wp\/v2\/pages\/7752\/revisions"}],"predecessor-version":[{"id":7754,"href":"https:\/\/bighosting.biz\/it\/wp-json\/wp\/v2\/pages\/7752\/revisions\/7754"}],"wp:attachment":[{"href":"https:\/\/bighosting.biz\/it\/wp-json\/wp\/v2\/media?parent=7752"}],"curies":[{"name":"wp","href":"https:\/\/api.w.org\/{rel}","templated":true}]}}