{"id":7335,"date":"2020-06-17T17:44:28","date_gmt":"2020-06-17T15:44:28","guid":{"rendered":"https:\/\/bighosting.biz\/kontakt\/"},"modified":"2020-07-09T10:11:10","modified_gmt":"2020-07-09T08:11:10","slug":"contact","status":"publish","type":"page","link":"https:\/\/bighosting.biz\/fr\/contact\/","title":{"rendered":"Contact"},"content":{"rendered":"<p>[vc_row][vc_column width=&#8221;1\/2&#8243; el_class=&#8221;one_half&#8221;]<div class=\"clearfix margin_top2\"><\/div>[vc_column_text]<span style=\"font-size: 16pt;\">Le contact via le formulaire permet une communication imm\u00e9diate et rapide et constitue une protection s\u00fbre contre le spam. Nous vous r\u00e9pondrons par courrier \u00e9lectronique,<br \/>\nvous aurez donc votre v\u00e9ritable interlocuteur.<br \/>\n<\/span>[\/vc_column_text]<div class=\"clearfix margin_top4\"><\/div>[vc_column_text]<style type=\"text\/css\">.super-form-7630 > * {visibility:hidden;}<\/style><div id=\"super-form-7630\" style=\"margin:0px 0px 0px 0px;\" class=\"super-form super-form-7630 style-default super-default-rounded super-field-size-large super-adaptive\" data-hide=\"true\" data-field-size=\"large\"><form autocomplete=\"on\" enctype=\"multipart\/form-data\"><input type=\"hidden\" name=\"super_ajax_nonce\" value=\"de7997a947\" \/><input type=\"text\" name=\"super_hp\" size=\"25\" value=\"\" \/><div class=\"super-shortcode super-field super-hidden\"><input class=\"super-shortcode-field\" type=\"hidden\" value=\"7630\" name=\"hidden_form_id\" \/><\/div><div class=\"super-grid super-shortcode\"><div class=\"super-shortcode super_one_full super-column column-number-1 grid-level-0 first-column \"><div class=\"super-grid super-shortcode\"><div class=\"super-shortcode super_one_third super-column column-number-1 grid-level-1 first-column \"><div class=\"super-shortcode super-field super-text  super-ungrouped  \"><div class=\"super-field-wrapper  super-icon-outside super-icon-left\"><i class=\"fas fa-address-card super-icon\"><\/i><input class=\"super-shortcode-field\" type=\"text\" name=\"name\" data-validation=\"empty\" data-email=\"Name:\" data-absolute-default=\"\" data-default-value=\"\" \/><span class=\"super-adaptive-placeholder\" data-placeholder=\"Votre nom*\" data-placeholderFilled=\"Votre nom*\"><\/span><\/div><div class=\"super-error-msg\">Field is required!<\/div><\/div><\/div><div class=\"super-shortcode super_one_third super-column column-number-2 grid-level-1  \"><div class=\"super-shortcode super-field super-text  super-ungrouped  \"><div class=\"super-field-wrapper  super-icon-outside super-icon-left\"><i class=\"fas fa-envelope super-icon\"><\/i><input class=\"super-shortcode-field\" type=\"text\" name=\"email\" data-validation=\"email\" data-email=\"eMail\" data-absolute-default=\"\" data-default-value=\"\" \/><span class=\"super-adaptive-placeholder\" data-placeholder=\"eMail*\" data-placeholderFilled=\"eMail*\"><\/span><\/div><div class=\"super-error-msg\">Field is required!<\/div><\/div><\/div><div class=\"super-shortcode super_one_third super-column column-number-3 grid-level-1  \"><div class=\"super-shortcode super-field super-text  super-ungrouped  \"><div class=\"super-field-wrapper  super-icon-outside super-icon-left\"><i class=\"fas fa-link super-icon\"><\/i><input class=\"super-shortcode-field\" type=\"text\" name=\"website\" data-email=\"Website\" data-absolute-default=\"\" data-default-value=\"\" \/><span class=\"super-adaptive-placeholder\" data-placeholder=\"Nom de domaine\" data-placeholderFilled=\"Nom de domaine\"><\/span><\/div><div class=\"super-error-msg\">Field is required!<\/div><\/div><\/div><\/div><div class=\"super-grid super-shortcode\"><div class=\"super-shortcode super_two_fifth super-column column-number-1 grid-level-1 first-column \"><div class=\"super-shortcode super-field super-text  super-ungrouped  \"><div class=\"super-field-wrapper  super-icon-outside super-icon-left\"><i class=\"fas fa-link super-icon\"><\/i><input class=\"super-shortcode-field\" type=\"text\" name=\"field_HetDX\" data-email=\"Num\u00e9ro de facture\" data-absolute-default=\"\" data-default-value=\"\" \/><span class=\"super-adaptive-placeholder\" data-placeholder=\"Num\u00e9ro de facture\" data-placeholderFilled=\"Num\u00e9ro de facture\"><\/span><\/div><div class=\"super-error-msg\">Field is required!<\/div><\/div><\/div><\/div><div class=\"super-shortcode super-field super-textarea  super-ungrouped  \"><div class=\"super-field-wrapper  super-icon-outside super-icon-left\"><i class=\"fas fa-question super-icon\"><\/i><textarea class=\"super-shortcode-field\" name=\"frage\" data-validation=\"empty\" data-email=\"Frage\" data-absolute-default=\"\" data-default-value=\"\" ><\/textarea><span class=\"super-adaptive-placeholder\" data-placeholder=\"Votre message*\" data-placeholderFilled=\"Votre message*\"><\/span><\/div><div class=\"super-error-msg\">Field is required!<\/div><\/div><div class=\"super-shortcode super-field super-recaptcha super-align-left  super-ungrouped  \"><div class=\"super-recaptcha align-left\" data-sitekey=\"6LfdXzwUAAAAABesFJy_xf-_ZrFpud-wkQdR3eMs\"><\/div><\/div><div data-color=\"#ff6600\" data-light=\"#ff7a14\" data-dark=\"#e14800\" data-hover-color=\"#f78300\" data-hover-light=\"#ff9714\" data-hover-dark=\"#d96500\" data-font=\"#ffffff\" data-font-hover=\"#ffffff\" data-radius=\"rounded\" data-type=\"flat\" class=\"super-extra-shortcode super-shortcode super-field super-form-button super-clear-none super-button super-radius-rounded super-type-flat super-button-medium super-button-align-left super-button-width-auto\"><div data-href=\"\" class=\"super-button-wrap no_link\"><div class=\"super-button-name\" data-action=\"submit\" data-status=\"\" data-status-update=\"\" data-normal=\"Envoyer\" data-loading=\"Envoyer....\">Envoyer<\/div><span class=\"super-after\"><\/span><\/div><\/div><\/div><\/div><\/form><span class=\"super-load-icon\"><\/span><\/div>[\/vc_column_text][\/vc_column][vc_column width=&#8221;1\/2&#8243; el_class=&#8221;one_half last&#8221;][vc_single_image image=&#8221;3235&#8243; img_size=&#8221;full&#8221; css_animation=&#8221;fadeIn&#8221;][vc_column_text el_class=&#8221;address_info&#8221;]<span style=\"font-size: 16pt;\"><strong>HILWEB Ltd.<\/strong><br \/>\nBo\u00eete postale 508<br \/>\nCH-8180 B\u00fclach<br \/>\nSuisse<\/span><\/p>\n<p><span style=\"font-size: 16pt;\">T\u00e9l\u00e9phone 0041 44 886 60 60 (Pas de soutien)<\/span><\/p>\n<p><span style=\"font-size: 16pt;\"><a href=\"https:\/\/bighosting.biz\/fr\/support\/\">Le support est disponible ici<\/a><\/span>[\/vc_column_text][\/vc_column][\/vc_row]<\/p>\n","protected":false},"excerpt":{"rendered":"<p>[vc_row][vc_column width=&#8221;1\/2&#8243; el_class=&#8221;one_half&#8221;][vc_column_text]Le contact via le formulaire permet une communication imm\u00e9diate et rapide et constitue une protection s\u00fbre contre le spam. Nous vous r\u00e9pondrons par courrier \u00e9lectronique, vous aurez donc votre v\u00e9ritable interlocuteur. [\/vc_column_text][vc_column_text][\/vc_column_text][\/vc_column][vc_column width=&#8221;1\/2&#8243; el_class=&#8221;one_half last&#8221;][vc_single_image image=&#8221;3235&#8243; img_size=&#8221;full&#8221; css_animation=&#8221;fadeIn&#8221;][vc_column_text el_class=&#8221;address_info&#8221;]HILWEB Ltd. Bo\u00eete postale 508 CH-8180 B\u00fclach Suisse T\u00e9l\u00e9phone 0041 44 886 60 60 (Pas [&hellip;]<\/p>\n","protected":false},"author":1,"featured_media":0,"parent":0,"menu_order":0,"comment_status":"closed","ping_status":"closed","template":"","meta":[],"_links":{"self":[{"href":"https:\/\/bighosting.biz\/fr\/wp-json\/wp\/v2\/pages\/7335"}],"collection":[{"href":"https:\/\/bighosting.biz\/fr\/wp-json\/wp\/v2\/pages"}],"about":[{"href":"https:\/\/bighosting.biz\/fr\/wp-json\/wp\/v2\/types\/page"}],"author":[{"embeddable":true,"href":"https:\/\/bighosting.biz\/fr\/wp-json\/wp\/v2\/users\/1"}],"replies":[{"embeddable":true,"href":"https:\/\/bighosting.biz\/fr\/wp-json\/wp\/v2\/comments?post=7335"}],"version-history":[{"count":5,"href":"https:\/\/bighosting.biz\/fr\/wp-json\/wp\/v2\/pages\/7335\/revisions"}],"predecessor-version":[{"id":7632,"href":"https:\/\/bighosting.biz\/fr\/wp-json\/wp\/v2\/pages\/7335\/revisions\/7632"}],"wp:attachment":[{"href":"https:\/\/bighosting.biz\/fr\/wp-json\/wp\/v2\/media?parent=7335"}],"curies":[{"name":"wp","href":"https:\/\/api.w.org\/{rel}","templated":true}]}}