{"id":7782,"date":"2020-08-21T11:37:09","date_gmt":"2020-08-21T09:37:09","guid":{"rendered":"https:\/\/bighosting.biz\/promo\/"},"modified":"2020-08-21T11:37:11","modified_gmt":"2020-08-21T09:37:11","slug":"promo","status":"publish","type":"page","link":"https:\/\/bighosting.biz\/es\/promo\/","title":{"rendered":"Promo"},"content":{"rendered":"<p>[vc_row][vc_column][vc_column_text]<\/p>\n<div id=\"pg-408-0\" class=\"panel-grid panel-no-style\">\n<div id=\"pgc-408-0-0\" class=\"panel-grid-cell\">\n<div id=\"panel-408-0-0-0\" class=\"so-panel widget widget_sow-editor panel-first-child panel-last-child\" data-index=\"0\">\n<div class=\"so-widget-sow-editor so-widget-sow-editor-base\">\n<div class=\"siteorigin-widget-tinymce textwidget\">\n<p><span style=\"font-size: 16pt;\"><span class=\"tlid-translation translation\" lang=\"en\"><span class=\"\" title=\"\"><span class=\"tlid-translation translation\" lang=\"de\">Entregamos nuestros art\u00edculos promocionales a los clientes que deseen recomendarnos.<br \/>\n\u00a1a precio de costo desde solo CHF 20!<\/span><\/span><\/span><\/span><\/p>\n<\/div>\n<\/div>\n<\/div>\n<\/div>\n<\/div>\n<p>[\/vc_column_text]<div class=\"clearfix margin_top1 margin_bottom1\"><\/div>[vc_row_inner][vc_column_inner width=&#8221;1\/3&#8243;][vc_single_image image=&#8221;6926&#8243; img_size=&#8221;full&#8221;][vc_column_text]<\/p>\n<p style=\"text-align: center;\"><span class=\"tlid-translation translation\" lang=\"en\"><span class=\"\" title=\"\">Imprimir en la parte delantera y trasera<\/span><\/span><\/p>\n<p>[\/vc_column_text][\/vc_column_inner][vc_column_inner width=&#8221;1\/3&#8243;][vc_single_image image=&#8221;6932&#8243; img_size=&#8221;full&#8221;][vc_column_text]<\/p>\n<p style=\"text-align: center;\"><span class=\"tlid-translation translation\" lang=\"en\"><span class=\"\" title=\"\">Imprimir en la parte delantera y trasera<\/span><\/span><\/p>\n<p style=\"text-align: center;\"><span class=\"tlid-translation translation\" lang=\"en\"><span class=\"\" title=\"\">\u00a0<\/span><\/span><\/p>\n<p>[\/vc_column_text][\/vc_column_inner][vc_column_inner width=&#8221;1\/3&#8243;][vc_single_image image=&#8221;7274&#8243; img_size=&#8221;full&#8221;][vc_column_text]<\/p>\n<p style=\"text-align: center;\"><span class=\"tlid-translation translation\" lang=\"en\"><span class=\"\" title=\"\">Imprimir en la parte delantera y trasera<\/span><\/span><\/p>\n<p style=\"text-align: center;\"><span class=\"tlid-translation translation\" lang=\"en\"><span class=\"\" title=\"\">\u00a0<\/span><\/span><\/p>\n<p>[\/vc_column_text][\/vc_column_inner][\/vc_row_inner]<div class=\"clearfix margin_top1 margin_bottom1\"><\/div>[vc_column_text]<style type=\"text\/css\">.super-form-7779 > * {visibility:hidden;}<\/style><div id=\"super-form-7779\" style=\"margin:0px 0px 0px 0px;\" class=\"super-form super-form-7779 style-default super-default-rounded super-field-size-large super-adaptive\" data-hide=\"true\" data-field-size=\"large\"><form autocomplete=\"on\" enctype=\"multipart\/form-data\"><input type=\"hidden\" name=\"super_ajax_nonce\" value=\"a6577061c1\" \/><input type=\"text\" name=\"super_hp\" size=\"25\" value=\"\" \/><div class=\"super-shortcode super-field super-hidden\"><input class=\"super-shortcode-field\" type=\"hidden\" value=\"7779\" name=\"hidden_form_id\" \/><\/div><div class=\"super-grid super-shortcode\"><div class=\"super-shortcode super_one_fourth super-column column-number-1 grid-level-0 first-column \"><div class=\"super-shortcode super-field super-text  super-ungrouped  \"><div class=\"super-label super-bottom-margin\">Empresa \/ asociaci\u00f3n<\/div><div class=\"super-field-wrapper \"><input class=\"super-shortcode-field\" type=\"text\" name=\"firma_verein\" data-email=\"Firma\/Verein\" data-exclude=\"0\" data-absolute-default=\"\" data-default-value=\"\" \/><\/div><div class=\"super-error-msg\">Field is required!<\/div><\/div><\/div><\/div><div class=\"super-grid super-shortcode\"><div class=\"super-shortcode super_one_full super-column column-number-1 grid-level-0 first-column \"><div class=\"super-grid super-shortcode\"><div class=\"super-shortcode super_one_half super-column column-number-1 grid-level-1 first-column \"><div class=\"super-shortcode super-field super-text  super-ungrouped  \"><div class=\"super-label super-bottom-margin\">Nombre de pila*<\/div><div class=\"super-field-wrapper \"><input class=\"super-shortcode-field\" type=\"text\" name=\"Vorname\" data-validation=\"empty\" data-email=\"Vorname:\" data-exclude=\"0\" data-absolute-default=\"\" data-default-value=\"\" \/><\/div><div class=\"super-error-msg\">Field is required!<\/div><\/div><\/div><div class=\"super-shortcode super_one_half super-column column-number-2 grid-level-1  \"><div class=\"super-shortcode super-field super-text  super-ungrouped  \"><div class=\"super-label super-bottom-margin\">Apellido*<\/div><div class=\"super-field-wrapper \"><input class=\"super-shortcode-field\" type=\"text\" name=\"Nachname\" data-validation=\"empty\" data-email=\"Nachname:\" data-exclude=\"0\" data-absolute-default=\"\" data-default-value=\"\" \/><\/div><div class=\"super-error-msg\">Field is required!<\/div><\/div><\/div><\/div><div class=\"super-grid super-shortcode\"><div class=\"super-shortcode super_one_fourth super-column column-number-1 grid-level-1 first-column \"><div class=\"super-shortcode super-field super-text  super-ungrouped  \"><div class=\"super-label super-bottom-margin\">Calle*<\/div><div class=\"super-field-wrapper \"><input class=\"super-shortcode-field\" type=\"text\" name=\"Strasse\" data-validation=\"empty\" data-email=\"Strasse:\" data-exclude=\"0\" data-absolute-default=\"\" data-default-value=\"\" \/><\/div><div class=\"super-error-msg\">Field is required!<\/div><\/div><\/div><div class=\"super-shortcode super_one_fifth super-column column-number-2 grid-level-1  \"><div class=\"super-shortcode super-field super-text  super-ungrouped  \"><div class=\"super-label super-bottom-margin\">N\u00famero*<\/div><div class=\"super-field-wrapper \"><input class=\"super-shortcode-field\" type=\"text\" name=\"field_qDYoZ\" data-validation=\"empty\" data-email=\"Nummer:\" data-exclude=\"0\" data-absolute-default=\"\" data-default-value=\"\" \/><\/div><div class=\"super-error-msg\">Field is required!<\/div><\/div><\/div><div class=\"super-shortcode super_one_fifth super-column column-number-3 grid-level-1  \"><div class=\"super-shortcode super-field super-text  super-ungrouped  \"><div class=\"super-label super-bottom-margin\">C\u00f3digo postal *<\/div><div class=\"super-field-wrapper \"><input class=\"super-shortcode-field\" type=\"text\" name=\"Postleitzahl\" data-validation=\"empty\" data-email=\"Postleitzahl:\" data-exclude=\"0\" data-absolute-default=\"\" data-default-value=\"\" \/><\/div><div class=\"super-error-msg\">Field is required!<\/div><\/div><\/div><div class=\"super-shortcode super_one_fourth super-column column-number-4 grid-level-1  \"><div class=\"super-shortcode super-field super-text  super-ungrouped  \"><div class=\"super-label super-bottom-margin\">Ubicaci\u00f3n *<\/div><div class=\"super-field-wrapper \"><input class=\"super-shortcode-field\" type=\"text\" name=\"Ortschaft\" data-validation=\"empty\" data-email=\"Ortschaft\" data-exclude=\"0\" data-absolute-default=\"\" data-default-value=\"\" \/><\/div><div class=\"super-error-msg\">Field is required!<\/div><\/div><\/div><\/div><div class=\"super-grid super-shortcode\"><div class=\"super-shortcode super_one_half super-column column-number-1 grid-level-1 first-column \"><div class=\"super-shortcode super-field super-text  super-ungrouped  \"><div class=\"super-label super-bottom-margin\">Email*<\/div><div class=\"super-field-wrapper \"><input class=\"super-shortcode-field\" type=\"text\" name=\"email\" data-validation=\"email\" data-email=\"Email\" data-absolute-default=\"\" data-default-value=\"\" \/><\/div><div class=\"super-error-msg\">Field is required!<\/div><\/div><\/div><div class=\"super-shortcode super_one_half super-column column-number-2 grid-level-1  \"><div class=\"super-shortcode super-field super-text  super-ungrouped  \"><div class=\"super-label super-bottom-margin\">N\u00famero de cliente \/ nombre de dominio<\/div><div class=\"super-field-wrapper \"><input class=\"super-shortcode-field\" type=\"text\" name=\"kdnummer_domain\" data-email=\"Kundennummer\/Domainname\" data-exclude=\"0\" data-absolute-default=\"\" data-default-value=\"\" \/><\/div><div class=\"super-error-msg\">Field is required!<\/div><\/div><\/div><\/div><div class=\"super-grid super-shortcode\"><div class=\"super-shortcode super_one_full super-column column-number-1 grid-level-1 first-column \"><div class=\"super-shortcode super-field super-radio  super-ungrouped   display-horizontal\"><div class=\"super-label super-bottom-margin\">Artikel*<\/div><div class=\"super-field-wrapper \"><label class=\"super-item super-default-selected super-active\" ><input type=\"radio\" value=\"Tasche\" \/><div>bolso<\/div><\/label><label class=\"super-item\" ><input type=\"radio\" value=\"Tshirt Mann\" \/><div>Camiseta hombre<\/div><\/label><label class=\"super-item\" ><input type=\"radio\" value=\"Tshirt Girl\" \/><div>Camiseta chica<\/div><\/label><input class=\"super-shortcode-field\" type=\"hidden\" name=\"Artikel\" value=\"Tasche\" data-email=\"Artikel\" data-exclude=\"0\" data-absolute-default=\"Tasche\" data-default-value=\"Tasche\" \/><\/div><div class=\"super-error-msg\">Field is required!<\/div><\/div><div class=\"super-grid super-shortcode\"><div class=\"super-shortcode super_one_half super-column column-number-1 grid-level-2 first-column \"><div class=\"super-shortcode super-field super-radio  super-ungrouped   display-vertical\" data-conditional-action=\"show\" data-conditional-trigger=\"one\"><div class=\"super-label super-bottom-margin\">Gran hombre<\/div><div class=\"super-field-wrapper \"><label class=\"super-item\" ><input type=\"radio\" value=\"104 3-4 Jahre\" \/><div>104 3-4 Jahre<\/div><\/label><label class=\"super-item\" ><input type=\"radio\" value=\"116 5-6 Jahre\" \/><div>116 5-6 Jahre<\/div><\/label><label class=\"super-item\" ><input type=\"radio\" value=\"128 7-8 Jahre\" \/><div>128 7-8 Jahre<\/div><\/label><label class=\"super-item\" ><input type=\"radio\" value=\"140 9-10 Jahre\" \/><div>140 9-10 Jahre<\/div><\/label><label class=\"super-item\" ><input type=\"radio\" value=\"152 11-12 Jahre\" \/><div>152 11-12 Jahre<\/div><\/label><label class=\"super-item\" ><input type=\"radio\" value=\"164 13-14 Jahre\" \/><div>164 13-14 Jahre<\/div><\/label><label class=\"super-item\" ><input type=\"radio\" value=\"S\" \/><div>S<\/div><\/label><label class=\"super-item\" ><input type=\"radio\" value=\"M\" \/><div>M<\/div><\/label><label class=\"super-item\" ><input type=\"radio\" value=\"L\" \/><div>L<\/div><\/label><label class=\"super-item\" ><input type=\"radio\" value=\"XL\" \/><div>XL<\/div><\/label><label class=\"super-item\" ><input type=\"radio\" value=\"2XL\" \/><div>2XL<\/div><\/label><label class=\"super-item\" ><input type=\"radio\" value=\"3XL\" \/><div>3XL<\/div><\/label><label class=\"super-item\" ><input type=\"radio\" value=\"4XL\" \/><div>4XL<\/div><\/label><label class=\"super-item\" ><input type=\"radio\" value=\"5XL\" \/><div>5XL<\/div><\/label><input class=\"super-shortcode-field\" type=\"hidden\" name=\"tshirt_mann_groesse\" value=\"\" data-email=\"Tshirt Mann Groesse\" data-exclude=\"0\" data-absolute-default=\"\" data-default-value=\"\" \/><\/div><textarea class=\"super-conditional-logic\" data-fields=\"{Artikel}\">[{\"field\":\"Artikel\",\"logic\":\"equal\",\"value\":\"Tshirt Mann\",\"and_method\":\"and\",\"field_and\":\"Artikel\",\"logic_and\":\"equal\",\"value_and\":\"Tshirt Mann\"}]<\/textarea><div class=\"super-error-msg\">Field is required!<\/div><\/div><div class=\"super-shortcode super-field super-radio  super-ungrouped   display-vertical\" data-conditional-action=\"show\" data-conditional-trigger=\"one\"><div class=\"super-label super-bottom-margin\">Tama\u00f1o chica<\/div><div class=\"super-field-wrapper \"><label class=\"super-item\" ><input type=\"radio\" value=\"XS\" \/><div>XS<\/div><\/label><label class=\"super-item\" ><input type=\"radio\" value=\"S\" \/><div>S<\/div><\/label><label class=\"super-item\" ><input type=\"radio\" value=\"M\" \/><div>M<\/div><\/label><label class=\"super-item\" ><input type=\"radio\" value=\"L\" \/><div>L<\/div><\/label><label class=\"super-item\" ><input type=\"radio\" value=\"XL\" \/><div>XL<\/div><\/label><label class=\"super-item\" ><input type=\"radio\" value=\"2XL\" \/><div>2XL<\/div><\/label><input class=\"super-shortcode-field\" type=\"hidden\" name=\"girl_groesse\" value=\"\" data-email=\"Girl Groesse\" data-exclude=\"0\" data-absolute-default=\"\" data-default-value=\"\" \/><\/div><textarea class=\"super-conditional-logic\" data-fields=\"{Artikel}\">[{\"field\":\"Artikel\",\"logic\":\"equal\",\"value\":\"Tshirt Girl\",\"and_method\":\"and\",\"field_and\":\"Artikel\",\"logic_and\":\"equal\",\"value_and\":\"Tshirt Girl\"}]<\/textarea><div class=\"super-error-msg\">Field is required!<\/div><\/div><\/div><div class=\"super-shortcode super_one_half super-column column-number-2 grid-level-2  \"><\/div><\/div><\/div><\/div><div class=\"super-grid super-shortcode\"><div class=\"super-shortcode super_two_fifth super-column column-number-1 grid-level-1 first-column \"><div class=\"super-shortcode super-field super-text  super-ungrouped  \"><div class=\"super-label super-bottom-margin\">C\u00f3digo de promoci\u00f3n (si est\u00e1 disponible)<\/div><div class=\"super-field-wrapper \"><input class=\"super-shortcode-field\" type=\"text\" name=\"field_WFCWb\" data-email=\"Promocode (wenn vorhanden)\" data-exclude=\"0\" data-absolute-default=\"\" data-default-value=\"\" \/><\/div><div class=\"super-error-msg\">Field is required!<\/div><\/div><\/div><\/div><div class=\"super-shortcode super-field super-recaptcha super-align-right  super-ungrouped  super-remove-margin\"><div class=\"super-recaptcha g-recaptcha\" data-sitekey=\"6LcGC-EUAAAAAF0hY1yEw4_Ew7d5E2aI280ZGopr\" data-size=\"invisible\"><\/div><\/div><div data-color=\"#75d69c\" data-light=\"#89eab0\" data-dark=\"#57b87e\" data-hover-color=\"#1dd667\" data-hover-light=\"#31ea7b\" data-hover-dark=\"#00b849\" data-font=\"#ffffff\" data-font-hover=\"#ffffff\" data-radius=\"rounded\" data-type=\"3d\" class=\"super-extra-shortcode super-shortcode super-field super-form-button super-clear-none super-button super-radius-rounded super-type-3d super-button-massive super-button-align-left super-button-width-auto\"><div data-href=\"\" class=\"super-button-wrap no_link\"><div class=\"super-button-name\" data-action=\"submit\" data-status=\"\" data-status-update=\"\" data-normal=\"comprar\" data-loading=\"L\u00e4dt...\">comprar<\/div><span class=\"super-after\"><\/span><\/div><\/div><\/div><\/div><\/form><span class=\"super-load-icon\"><\/span><\/div>[\/vc_column_text][vc_column_text]<\/p>\n<div id=\"pg-408-0\" class=\"panel-grid panel-no-style\">\n<div id=\"pgc-408-0-0\" class=\"panel-grid-cell\">\n<div id=\"panel-408-0-0-0\" class=\"so-panel widget widget_sow-editor panel-first-child panel-last-child\" data-index=\"0\">\n<div class=\"so-widget-sow-editor so-widget-sow-editor-base\">\n<div class=\"siteorigin-widget-tinymce textwidget\">\n<div id=\"pg-408-3\" class=\"panel-grid panel-no-style\">\n<div id=\"pgc-408-3-0\" class=\"panel-grid-cell\">\n<div id=\"panel-408-3-0-0\" class=\"so-panel widget widget_sow-editor panel-first-child panel-last-child\" data-index=\"8\">\n<div class=\"so-widget-sow-editor so-widget-sow-editor-base\">\n<div class=\"siteorigin-widget-tinymce textwidget\">\n<p><span class=\"tlid-translation translation\" lang=\"en\"><span class=\"\" title=\"\"><span class=\"tlid-translation translation\" lang=\"de\">Todos los precios incluyen env\u00edo e IVA.<\/span><\/span><\/span><\/p>\n<\/div>\n<\/div>\n<\/div>\n<\/div>\n<\/div>\n<\/div>\n<\/div>\n<\/div>\n<\/div>\n<\/div>\n<p>[\/vc_column_text][vc_column_text]<\/p>\n<div id=\"pg-408-0\" class=\"panel-grid panel-no-style\">\n<div id=\"pgc-408-0-0\" class=\"panel-grid-cell\">\n<div id=\"panel-408-0-0-0\" class=\"so-panel widget widget_sow-editor panel-first-child panel-last-child\" data-index=\"0\">\n<div class=\"so-widget-sow-editor so-widget-sow-editor-base\">\n<div class=\"siteorigin-widget-tinymce textwidget\">\n<div id=\"pg-408-3\" class=\"panel-grid panel-no-style\">\n<div id=\"pgc-408-3-0\" class=\"panel-grid-cell\">\n<div id=\"panel-408-3-0-0\" class=\"so-panel widget widget_sow-editor panel-first-child panel-last-child\" data-index=\"8\">\n<div class=\"so-widget-sow-editor so-widget-sow-editor-base\">\n<div class=\"siteorigin-widget-tinymce textwidget\">\n<p>Le gustar\u00eda este tipo de art\u00edculos promocionales para su empresa \/ sitio web \/ club?<br \/>\nEntonces visite a nuestro socio en https:\/\/elefanti.shop<\/p>\n<\/div>\n<\/div>\n<\/div>\n<\/div>\n<\/div>\n<\/div>\n<\/div>\n<\/div>\n<\/div>\n<\/div>\n<p>[\/vc_column_text][\/vc_column][\/vc_row]<\/p>\n","protected":false},"excerpt":{"rendered":"<p>[vc_row][vc_column][vc_column_text] Entregamos nuestros art\u00edculos promocionales a los clientes que deseen recomendarnos. \u00a1a precio de costo desde solo CHF 20! [\/vc_column_text][vc_row_inner][vc_column_inner width=&#8221;1\/3&#8243;][vc_single_image image=&#8221;6926&#8243; img_size=&#8221;full&#8221;][vc_column_text] Imprimir en la parte delantera y trasera [\/vc_column_text][\/vc_column_inner][vc_column_inner width=&#8221;1\/3&#8243;][vc_single_image image=&#8221;6932&#8243; img_size=&#8221;full&#8221;][vc_column_text] Imprimir en la parte delantera y trasera \u00a0 [\/vc_column_text][\/vc_column_inner][vc_column_inner width=&#8221;1\/3&#8243;][vc_single_image image=&#8221;7274&#8243; img_size=&#8221;full&#8221;][vc_column_text] Imprimir en la parte delantera y trasera \u00a0 [\/vc_column_text][\/vc_column_inner][\/vc_row_inner][vc_column_text][\/vc_column_text][vc_column_text] [&hellip;]<\/p>\n","protected":false},"author":1,"featured_media":0,"parent":0,"menu_order":0,"comment_status":"closed","ping_status":"closed","template":"","meta":[],"_links":{"self":[{"href":"https:\/\/bighosting.biz\/es\/wp-json\/wp\/v2\/pages\/7782"}],"collection":[{"href":"https:\/\/bighosting.biz\/es\/wp-json\/wp\/v2\/pages"}],"about":[{"href":"https:\/\/bighosting.biz\/es\/wp-json\/wp\/v2\/types\/page"}],"author":[{"embeddable":true,"href":"https:\/\/bighosting.biz\/es\/wp-json\/wp\/v2\/users\/1"}],"replies":[{"embeddable":true,"href":"https:\/\/bighosting.biz\/es\/wp-json\/wp\/v2\/comments?post=7782"}],"version-history":[{"count":2,"href":"https:\/\/bighosting.biz\/es\/wp-json\/wp\/v2\/pages\/7782\/revisions"}],"predecessor-version":[{"id":7784,"href":"https:\/\/bighosting.biz\/es\/wp-json\/wp\/v2\/pages\/7782\/revisions\/7784"}],"wp:attachment":[{"href":"https:\/\/bighosting.biz\/es\/wp-json\/wp\/v2\/media?parent=7782"}],"curies":[{"name":"wp","href":"https:\/\/api.w.org\/{rel}","templated":true}]}}