{"id":7724,"date":"2020-08-21T09:57:05","date_gmt":"2020-08-21T07:57:05","guid":{"rendered":"https:\/\/bighosting.biz\/contacto\/"},"modified":"2022-08-30T10:35:44","modified_gmt":"2022-08-30T08:35:44","slug":"contacto","status":"publish","type":"page","link":"https:\/\/bighosting.biz\/es\/contacto\/","title":{"rendered":"Contacto"},"content":{"rendered":"<p>[vc_row][vc_column width=&#8221;1\/2&#8243; el_class=&#8221;one_half&#8221;]<div class=\"clearfix margin_top2\"><\/div>[vc_column_text]<span style=\"font-size: 16pt;\">Para las consultas administrativas (factura\/contabilidad), utilice el siguiente formulario<\/span>[\/vc_column_text]<div class=\"clearfix margin_top4\"><\/div><style type=\"text\/css\">.super-form-3625 > * {visibility:hidden;}<\/style><div id=\"super-form-3625\" style=\"margin:0px 0px 0px 0px;\" class=\"super-form super-form-3625 style-default super-default-rounded super-field-size-large super-adaptive\" data-hide=\"true\" data-field-size=\"large\"><form autocomplete=\"on\" enctype=\"multipart\/form-data\"><input type=\"hidden\" name=\"super_ajax_nonce\" value=\"dcff6cbb66\" \/><input type=\"text\" name=\"super_hp\" size=\"25\" value=\"\" \/><div class=\"super-shortcode super-field super-hidden\"><input class=\"super-shortcode-field\" type=\"hidden\" value=\"3625\" name=\"hidden_form_id\" \/><\/div><div class=\"super-grid super-shortcode\"><div class=\"super-shortcode super_one_full super-column column-number-1 grid-level-0 first-column \"><div class=\"super-grid super-shortcode\"><div class=\"super-shortcode super_one_third super-column column-number-1 grid-level-1 first-column \"><div class=\"super-shortcode super-field super-text  super-ungrouped  \"><div class=\"super-field-wrapper  super-icon-outside super-icon-left\"><i class=\"fas fa-address-card super-icon\"><\/i><input class=\"super-shortcode-field\" type=\"text\" name=\"firma\" data-email=\"Firma:\" data-absolute-default=\"\" data-default-value=\"\" \/><span class=\"super-adaptive-placeholder\" data-placeholder=\"Firma\" data-placeholderFilled=\"Firma\"><\/span><\/div><div class=\"super-error-msg\">Field is required!<\/div><\/div><\/div><div class=\"super-shortcode super_one_third super-column column-number-2 grid-level-1  \"><div class=\"super-shortcode super-field super-text  super-ungrouped  \"><div class=\"super-field-wrapper  super-icon-outside super-icon-left\"><i class=\"fas fa-address-card super-icon\"><\/i><input class=\"super-shortcode-field\" type=\"text\" name=\"field_JjvVv\" data-validation=\"empty\" data-email=\"Name:\" data-absolute-default=\"\" data-default-value=\"\" \/><span class=\"super-adaptive-placeholder\" data-placeholder=\"Name*\" data-placeholderFilled=\"Name*\"><\/span><\/div><div class=\"super-error-msg\">Field is required!<\/div><\/div><\/div><div class=\"super-shortcode super_one_third super-column column-number-3 grid-level-1  \"><div class=\"super-shortcode super-field super-text  super-ungrouped  \"><div class=\"super-field-wrapper  super-icon-outside super-icon-left\"><i class=\"fas fa-envelope super-icon\"><\/i><input class=\"super-shortcode-field\" type=\"text\" name=\"email\" data-validation=\"email\" data-email=\"eMail:\" data-absolute-default=\"\" data-default-value=\"\" \/><span class=\"super-adaptive-placeholder\" data-placeholder=\"eMail*\" data-placeholderFilled=\"eMail*\"><\/span><\/div><div class=\"super-error-msg\">Field is required!<\/div><\/div><\/div><\/div><div class=\"super-grid super-shortcode\"><div class=\"super-shortcode super_one_third super-column column-number-1 grid-level-1 first-column \"><div class=\"super-shortcode super-field super-text  super-ungrouped  \"><div class=\"super-field-wrapper  super-icon-outside super-icon-left\"><i class=\"fas fa-link super-icon\"><\/i><input class=\"super-shortcode-field\" type=\"text\" name=\"website\" data-email=\"Website:\" data-absolute-default=\"\" data-default-value=\"\" \/><span class=\"super-adaptive-placeholder\" data-placeholder=\"Domainname\" data-placeholderFilled=\"Domainname\"><\/span><\/div><div class=\"super-error-msg\">Field is required!<\/div><\/div><\/div><div class=\"super-shortcode super_one_third super-column column-number-2 grid-level-1  \"><div class=\"super-shortcode super-field super-text  super-ungrouped  \"><div class=\"super-field-wrapper  super-icon-outside super-icon-left\"><i class=\"fas fa-link super-icon\"><\/i><input class=\"super-shortcode-field\" type=\"text\" name=\"field_CQJWs\" data-email=\"Telefon:\" data-absolute-default=\"\" data-default-value=\"\" \/><span class=\"super-adaptive-placeholder\" data-placeholder=\"Telefon\" data-placeholderFilled=\"Telefon\"><\/span><\/div><div class=\"super-error-msg\">Field is required!<\/div><\/div><\/div><\/div><div class=\"super-grid super-shortcode\"><div class=\"super-shortcode super_two_fifth super-column column-number-1 grid-level-1 first-column \"><div class=\"super-shortcode super-field super-text  super-ungrouped  \"><div class=\"super-field-wrapper  super-icon-outside super-icon-left\"><i class=\"fas fa-arrow-right super-icon\"><\/i><input class=\"super-shortcode-field\" type=\"text\" name=\"field_RkApU\" data-email=\"Rechnungsnummer:\" data-absolute-default=\"\" data-default-value=\"\" \/><span class=\"super-adaptive-placeholder\" data-placeholder=\"Rechnungsnummer\" data-placeholderFilled=\"Rechnungsnummer\"><\/span><\/div><div class=\"super-error-msg\">Field is required!<\/div><\/div><\/div><\/div><div class=\"super-shortcode super-field super-textarea  super-ungrouped  \"><div class=\"super-field-wrapper  super-icon-outside super-icon-left\"><i class=\"fas fa-question super-icon\"><\/i><textarea class=\"super-shortcode-field\" name=\"frage\" data-validation=\"empty\" data-email=\"Frage:\" data-absolute-default=\"\" data-default-value=\"\" ><\/textarea><span class=\"super-adaptive-placeholder\" data-placeholder=\"Nachricht*\" data-placeholderFilled=\"Nachricht*\"><\/span><\/div><div class=\"super-error-msg\">Field is required!<\/div><\/div><div class=\"super-shortcode super-field super-recaptcha super-align-left  super-ungrouped  \"><div class=\"super-recaptcha align-left\" data-sitekey=\"6LfdXzwUAAAAABesFJy_xf-_ZrFpud-wkQdR3eMs\"><\/div><\/div><div data-color=\"#ff6600\" data-light=\"#ff7a14\" data-dark=\"#e14800\" data-hover-color=\"#ff7519\" data-hover-light=\"#ff892d\" data-hover-dark=\"#e15700\" data-font=\"#ffffff\" data-font-hover=\"#ffffff\" data-radius=\"rounded\" data-type=\"flat\" class=\"super-extra-shortcode super-shortcode super-field super-form-button super-clear-none super-button super-radius-rounded super-type-flat super-button-medium super-button-align-left super-button-width-auto\"><div data-href=\"\" class=\"super-button-wrap no_link\"><div class=\"super-button-name\" data-action=\"submit\" data-status=\"\" data-status-update=\"\" data-normal=\"Senden\" data-loading=\"Laden....\">Senden<\/div><span class=\"super-after\"><\/span><\/div><\/div><\/div><\/div><\/form><span class=\"super-load-icon\"><\/span><\/div>[\/vc_column][vc_column width=&#8221;1\/2&#8243; el_class=&#8221;one_half last&#8221;][vc_single_image image=&#8221;3238&#8243; img_size=&#8221;full&#8221; css_animation=&#8221;fadeIn&#8221;][vc_column_text el_class=&#8221;address_info&#8221;]<span class=\"tlid-translation translation\" lang=\"es\"><span title=\"\">HILWEB GmbH<\/span><br \/>\n<span title=\"\">Apartado de correos 508<\/span><br \/>\n<span title=\"\">CH-8180 B\u00fclach<\/span><br \/>\n<span class=\"\" title=\"\">Suiza<\/span><\/span><\/p>\n<p><span class=\"\" title=\"\">Tel\u00e9fono 0041 44886 60 60 (sin soporte)<\/span><\/p>\n<p>&nbsp;<\/p>\n<p><span style=\"font-size: 16pt;\"><a href=\"https:\/\/bighosting.biz\/es\/apoyo\/\"><span class=\"tlid-translation translation\" lang=\"es\"><span class=\"\" title=\"\">El soporte est\u00e1 disponible aqu\u00ed<\/span><\/span><\/a><\/span>[\/vc_column_text][\/vc_column][\/vc_row]<\/p>\n","protected":false},"excerpt":{"rendered":"<p>[vc_row][vc_column width=&#8221;1\/2&#8243; el_class=&#8221;one_half&#8221;][vc_column_text]Para las consultas administrativas (factura\/contabilidad), utilice el siguiente formulario[\/vc_column_text][\/vc_column][vc_column width=&#8221;1\/2&#8243; el_class=&#8221;one_half last&#8221;][vc_single_image image=&#8221;3238&#8243; img_size=&#8221;full&#8221; css_animation=&#8221;fadeIn&#8221;][vc_column_text el_class=&#8221;address_info&#8221;]HILWEB GmbH Apartado de correos 508 CH-8180 B\u00fclach Suiza Tel\u00e9fono 0041 44886 60 60 (sin soporte) &nbsp; El soporte est\u00e1 disponible aqu\u00ed[\/vc_column_text][\/vc_column][\/vc_row]<\/p>\n","protected":false},"author":1,"featured_media":0,"parent":0,"menu_order":0,"comment_status":"closed","ping_status":"closed","template":"","meta":[],"_links":{"self":[{"href":"https:\/\/bighosting.biz\/es\/wp-json\/wp\/v2\/pages\/7724"}],"collection":[{"href":"https:\/\/bighosting.biz\/es\/wp-json\/wp\/v2\/pages"}],"about":[{"href":"https:\/\/bighosting.biz\/es\/wp-json\/wp\/v2\/types\/page"}],"author":[{"embeddable":true,"href":"https:\/\/bighosting.biz\/es\/wp-json\/wp\/v2\/users\/1"}],"replies":[{"embeddable":true,"href":"https:\/\/bighosting.biz\/es\/wp-json\/wp\/v2\/comments?post=7724"}],"version-history":[{"count":4,"href":"https:\/\/bighosting.biz\/es\/wp-json\/wp\/v2\/pages\/7724\/revisions"}],"predecessor-version":[{"id":8670,"href":"https:\/\/bighosting.biz\/es\/wp-json\/wp\/v2\/pages\/7724\/revisions\/8670"}],"wp:attachment":[{"href":"https:\/\/bighosting.biz\/es\/wp-json\/wp\/v2\/media?parent=7724"}],"curies":[{"name":"wp","href":"https:\/\/api.w.org\/{rel}","templated":true}]}}